{"id":17,"date":"2023-03-30T12:33:33","date_gmt":"2023-03-30T10:33:33","guid":{"rendered":"https:\/\/hoffmann-service-center.de\/?page_id=17"},"modified":"2025-02-17T16:33:36","modified_gmt":"2025-02-17T15:33:36","slug":"impressum","status":"publish","type":"page","link":"https:\/\/hoffmann-service-center.de\/?page_id=17","title":{"rendered":"Impressum"},"content":{"rendered":"\n<h5 class=\"wp-block-heading\">IMPRESSUM<\/h5>\n\n\n\n<p>1. Inhaltlich Verantwortliche<br>Hoffmann Service-Center GmbH<br>Schulstr. 10<br>78462 Konstanz<br><br>Sitz der Gesellschaft: Konstanz<br>Amtsgericht Freiburg HRB 590494<br><br>Gesch\u00e4ftsf\u00fchrer: Benjamin Hoffmann<br><br>Tel.: +49 7531 \/ 58 48 38 9<br>Fax: +49 7531 \/ 58 48 38 5<br>Email: info(a)hoffmann-service-center.de<br>www.hoffmann-service-center.de<br><br>2. Haftungsbeschr\u00e4nkung<br>Die Inhalte dieser Website werden mit gr\u00f6\u00dftm\u00f6glicher Sorgfalt erstellt. Der Anbieter \u00fcbernimmt jedoch keine Gew\u00e4hr f\u00fcr die Richtigkeit, Vollst\u00e4ndigkeit und Aktualit\u00e4t der bereitgestellten Inhalte. Die Nutzung der Inhalte der Website erfolgt auf eigene Gefahr des Nutzers. Mit der reinen Nutzung der Website des Anbieters kommt keinerlei Vertragsverh\u00e4ltnis zwischen dem Nutzer und dem Anbieter zustande.<br><br>3. Externe Links<br>Diese Website enth\u00e4lt Verkn\u00fcpfungen zu Websites Dritter (&#8222;externe Links&#8220;). Diese Websites unterliegen der Haftung der jeweiligen Betreiber. Der Anbieter hat bei der erstmaligen Verkn\u00fcpfung der externen Links die fremden Inhalte daraufhin \u00fcberpr\u00fcft, ob etwaige Rechtsverst\u00f6\u00dfe bestehen. Zu dem Zeitpunkt waren keine Rechtsverst\u00f6\u00dfe ersichtlich. Der Anbieter hat keinerlei Einfluss auf die aktuelle und zuk\u00fcnftige Gestaltung und auf die Inhalte der verkn\u00fcpften Seiten. Das Setzen von externen Links bedeutet nicht, dass sich der Anbieter die hinter dem Verweis oder Link liegenden Inhalte zu Eigen macht. Eine st\u00e4ndige Kontrolle der externen Links ist f\u00fcr den Anbieter ohne konkrete Hinweise auf Rechtsverst\u00f6\u00dfe nicht zumutbar. Bei Kenntnis von Rechtsverst\u00f6\u00dfen werden jedoch derartige externe Links unverz\u00fcglich gel\u00f6scht.<br><br>4. Copyright<br>Die Vervielf\u00e4ltigung von Informationen, Daten, Texten, Bildern und Grafiken oder Teilen hiervon, deren Verwendung f\u00fcr Handelszwecke oder Verwendung auf anderen Websites bedarf der vorherigen Zustimmung der Firma Hoffmann Service-Center GmbH. Auf meiner Website werden Logos verwendet. Auch wenn diese an den jeweiligen Stellen nicht als solche gekennzeichnet sind, gelten die entsprechenden gesetzlichen Bestimmungen.<\/p>\n","protected":false},"excerpt":{"rendered":"<p>IMPRESSUM 1. Inhaltlich VerantwortlicheHoffmann Service-Center GmbHSchulstr. 1078462 Konstanz Sitz der Gesellschaft: KonstanzAmtsgericht Freiburg HRB 590494 Gesch\u00e4ftsf\u00fchrer: Benjamin Hoffmann Tel.: +49 7531 \/ 58 48 38 9Fax: +49 7531 \/ 58 48 38 5Email: info(a)hoffmann-service-center.dewww.hoffmann-service-center.de 2. Haftungsbeschr\u00e4nkungDie Inhalte dieser Website werden mit gr\u00f6\u00dftm\u00f6glicher Sorgfalt erstellt. Der Anbieter \u00fcbernimmt jedoch keine Gew\u00e4hr f\u00fcr die Richtigkeit, Vollst\u00e4ndigkeit und&hellip;&nbsp;<a href=\"https:\/\/hoffmann-service-center.de\/?page_id=17\" rel=\"bookmark\">Weiterlesen &raquo;<span class=\"screen-reader-text\">Impressum<\/span><\/a><\/p>\n","protected":false},"author":1,"featured_media":0,"parent":0,"menu_order":0,"comment_status":"closed","ping_status":"closed","template":"","meta":{"om_disable_all_campaigns":false,"_monsterinsights_skip_tracking":false,"_monsterinsights_sitenote_active":false,"_monsterinsights_sitenote_note":"","_monsterinsights_sitenote_category":0,"neve_meta_sidebar":"","neve_meta_container":"","neve_meta_enable_content_width":"","neve_meta_content_width":0,"neve_meta_title_alignment":"","neve_meta_author_avatar":"","neve_post_elements_order":"","neve_meta_disable_header":"","neve_meta_disable_footer":"","neve_meta_disable_title":"","_themeisle_gutenberg_block_has_review":false,"footnotes":""},"class_list":["post-17","page","type-page","status-publish","hentry"],"aioseo_notices":[],"_links":{"self":[{"href":"https:\/\/hoffmann-service-center.de\/index.php?rest_route=\/wp\/v2\/pages\/17","targetHints":{"allow":["GET"]}}],"collection":[{"href":"https:\/\/hoffmann-service-center.de\/index.php?rest_route=\/wp\/v2\/pages"}],"about":[{"href":"https:\/\/hoffmann-service-center.de\/index.php?rest_route=\/wp\/v2\/types\/page"}],"author":[{"embeddable":true,"href":"https:\/\/hoffmann-service-center.de\/index.php?rest_route=\/wp\/v2\/users\/1"}],"replies":[{"embeddable":true,"href":"https:\/\/hoffmann-service-center.de\/index.php?rest_route=%2Fwp%2Fv2%2Fcomments&post=17"}],"version-history":[{"count":3,"href":"https:\/\/hoffmann-service-center.de\/index.php?rest_route=\/wp\/v2\/pages\/17\/revisions"}],"predecessor-version":[{"id":506,"href":"https:\/\/hoffmann-service-center.de\/index.php?rest_route=\/wp\/v2\/pages\/17\/revisions\/506"}],"wp:attachment":[{"href":"https:\/\/hoffmann-service-center.de\/index.php?rest_route=%2Fwp%2Fv2%2Fmedia&parent=17"}],"curies":[{"name":"wp","href":"https:\/\/api.w.org\/{rel}","templated":true}]}}